{"id":6920,"date":"2022-02-03T08:00:50","date_gmt":"2022-04-13T07:32:41","guid":{"rendered":"http:\/\/s890096204.online.de\/produkt\/paraurti-con-tubolari-rigidi-bullbar-bull-bar-black-edition-per-vw-amarok-dal-2016"},"modified":"2026-03-13T14:40:20","modified_gmt":"2026-03-13T14:40:20","slug":"paraurti-con-tubolari-rigidi-bullbar-black-edition-per-vw-amarok-ab-2016","status":"publish","type":"product","link":"https:\/\/staging.tesser4x4.com\/it\/produkt\/paraurti-con-tubolari-rigidi-bullbar-black-edition-per-vw-amarok-ab-2016","title":{"rendered":"Paraurti con tubolari rigidi BULLBAR BULL BAR black edition per VW Amarok dal 2016+ 148Bullbarblack"},"content":{"rendered":"<p><span style=\"font-family: arial, helvetica, sans-serif;color: #000000\">Il <strong>bullbar black edition (nero)<\/strong> \u00e8 adatto per <strong>VW Amarok dal 2016+<\/strong> e ha un <strong>diametro<\/strong>di <strong>70 mm<\/strong> e uno spessore di 2 mm.<\/span><br \/>\n<span style=\"font-family: arial, helvetica, sans-serif;color: #000000\">Il <strong>bullbar black edition (nero<\/strong>) \u00e8 realizzato in <strong>acciaio inossidabile (AISI 304)<\/strong>.<\/span><\/p>\n<p><span style=\"font-family: arial, helvetica, sans-serif;color: #000000\">Il <strong>bullbar frontale<\/strong> \u00e8 <strong>omologata dall&#8217;UE<\/strong> ed \u00e8 stata prodotta in conformit\u00e0 con le pi\u00f9 recenti norme UE e i requisiti della <strong>Direttiva 78\/2009\/CE<\/strong>.<\/span><\/p>\n<p><span style=\"font-family: arial, helvetica, sans-serif;color: #000000\"><strong>Numero oggetto:<\/strong><\/span><br \/>\n<span style=\"font-family: arial, helvetica, sans-serif;color: #000000\">148BULLBARBLACK (AMAROK-R1670-06)<\/span><\/p>\n<p><span style=\"font-family: arial, helvetica, sans-serif;color: #000000\"><strong>Adatto per:<\/strong><\/span><br \/>\n<span style=\"font-family: arial, helvetica, sans-serif;color: #000000\">VW Amarok dal 2016+<\/span><\/p>\n<p><span style=\"font-family: arial, helvetica, sans-serif;color: #000000\"><strong>Compatibile con i sensori di parcheggio:<\/strong> Si<\/span><\/p>\n<p><span style=\"font-family: arial, helvetica, sans-serif;color: #000000\"><strong>La vendita comprende:<\/strong><\/span><br \/>\n<span style=\"font-family: arial, helvetica, sans-serif;color: #000000\">1 Paraurti con tubolari rigidi BULLBAR black edition (nero) in acciaio AISI 304<\/span><br \/>\n<span style=\"font-family: arial, helvetica, sans-serif;color: #000000\">1 KIT di montaggio<\/span><br \/>\n<span style=\"font-family: arial, helvetica, sans-serif;color: #000000\">1 Istruzione di montaggio<\/span><\/p>\n<p><strong><span style=\"font-family: arial, helvetica, sans-serif;color: #000000\">Informazioni sul produttore<\/span><\/strong><br \/>\n<strong><span style=\"font-family: arial, helvetica, sans-serif;color: #000000\">Produttore: <\/span><\/strong><span style=\"color: #000000\">Steeler Marcin Piascecki<\/span><br \/><strong><span style=\"font-family: arial, helvetica, sans-serif;color: #000000\">Indirizzo: <\/span><\/strong><span style=\"font-family: arial, helvetica, sans-serif;color: #000000\">ulica Grodzie\u0144ska 202, 16-100 Sok\u00f3\u0142ka, 20, Polonia<\/span><br \/><strong><span style=\"font-family: arial, helvetica, sans-serif;color: #000000\">Contatto: <\/span><\/strong><span style=\"color: #000000\">info@steeler.pl<\/span><\/p>\n","protected":false},"excerpt":{"rendered":"<p>          <strong>Paraurti con tubolari rigidi BULLBAR BULL BAR black edition per VW Amarok dal 2016+<\/strong><\/p>\n","protected":false},"featured_media":6642,"comment_status":"open","ping_status":"closed","template":"","meta":{"site-sidebar-layout":"default","site-content-layout":"default","ast-global-header-display":"","ast-main-header-display":"","ast-hfb-above-header-display":"","ast-hfb-below-header-display":"","ast-hfb-mobile-header-display":"","site-post-title":"","ast-breadcrumbs-content":"","ast-featured-img":"","footer-sml-layout":"","theme-transparent-header-meta":"default","adv-header-id-meta":"","stick-header-meta":"","header-above-stick-meta":"","header-main-stick-meta":"","header-below-stick-meta":""},"product_brand":[],"product_cat":[350],"product_tag":[373,372,378],"fahrzeug":[156,157,158,160,159,161],"class_list":{"0":"post-6920","1":"product","2":"type-product","3":"status-publish","4":"has-post-thumbnail","6":"product_cat-bullbar-it","7":"product_tag-bullbar-it","8":"product_tag-paraurti-con-tubolari-rigidi","9":"product_tag-vw-amarok-dal-2016","10":"product_shipping_class-spedizione-accessori","11":"fahrzeug-vw","12":"fahrzeug-amarok","13":"fahrzeug-amarok-mit-oem-rollbar","14":"fahrzeug-aventura","15":"fahrzeug-canyon","16":"fahrzeug-amarok-holland","17":"tm-no-options","19":"first","20":"instock","21":"taxable","22":"shipping-taxable","23":"purchasable","24":"product-type-simple"},"_links":{"self":[{"href":"https:\/\/staging.tesser4x4.com\/it\/wp-json\/wp\/v2\/product\/6920","targetHints":{"allow":["GET"]}}],"collection":[{"href":"https:\/\/staging.tesser4x4.com\/it\/wp-json\/wp\/v2\/product"}],"about":[{"href":"https:\/\/staging.tesser4x4.com\/it\/wp-json\/wp\/v2\/types\/product"}],"replies":[{"embeddable":true,"href":"https:\/\/staging.tesser4x4.com\/it\/wp-json\/wp\/v2\/comments?post=6920"}],"version-history":[{"count":2,"href":"https:\/\/staging.tesser4x4.com\/it\/wp-json\/wp\/v2\/product\/6920\/revisions"}],"predecessor-version":[{"id":21190,"href":"https:\/\/staging.tesser4x4.com\/it\/wp-json\/wp\/v2\/product\/6920\/revisions\/21190"}],"wp:featuredmedia":[{"embeddable":true,"href":"https:\/\/staging.tesser4x4.com\/it\/wp-json\/wp\/v2\/media\/6642"}],"wp:attachment":[{"href":"https:\/\/staging.tesser4x4.com\/it\/wp-json\/wp\/v2\/media?parent=6920"}],"wp:term":[{"taxonomy":"product_brand","embeddable":true,"href":"https:\/\/staging.tesser4x4.com\/it\/wp-json\/wp\/v2\/product_brand?post=6920"},{"taxonomy":"product_cat","embeddable":true,"href":"https:\/\/staging.tesser4x4.com\/it\/wp-json\/wp\/v2\/product_cat?post=6920"},{"taxonomy":"product_tag","embeddable":true,"href":"https:\/\/staging.tesser4x4.com\/it\/wp-json\/wp\/v2\/product_tag?post=6920"},{"taxonomy":"fahrzeug","embeddable":true,"href":"https:\/\/staging.tesser4x4.com\/it\/wp-json\/wp\/v2\/fahrzeug?post=6920"}],"curies":[{"name":"wp","href":"https:\/\/api.w.org\/{rel}","templated":true}]}}