{"id":6912,"date":"2022-02-03T08:33:42","date_gmt":"2022-04-12T14:20:01","guid":{"rendered":"http:\/\/s890096204.online.de\/produkt\/paraurti-con-tubolari-rigidi-bullbar-bull-bar-acciaio-lucido-per-toyota-hilux-2021"},"modified":"2026-03-13T14:40:12","modified_gmt":"2026-03-13T14:40:12","slug":"paraurti-con-tubolari-rigidi-acciaio-lucido-aisi-304-per-toyota-hilux-2021","status":"publish","type":"product","link":"https:\/\/staging.tesser4x4.com\/it\/produkt\/paraurti-con-tubolari-rigidi-acciaio-lucido-aisi-304-per-toyota-hilux-2021","title":{"rendered":"Paraurti con tubolari rigidi BULLBAR BULL BAR acciaio lucido per TOYOTA HILUX 2021+ 180BULLTOYOTA"},"content":{"rendered":"<p><span style=\"font-family: arial, helvetica, sans-serif;color: #000000\">Il <strong>bullbar<\/strong>\u00e8 adatto per <strong>Toyota Hilux 2021+<\/strong> e ha un <strong>diametro<\/strong> di <strong>70 mm<\/strong>e uno spessore di 2 mm.<\/span><br \/>\n<span style=\"font-family: arial, helvetica, sans-serif;color: #000000\">Il <strong>bullbar<\/strong>\u00e8 realizzato in <strong>acciaio inossidabile (AISI 304)<\/strong>e <strong>lucidato a mano<\/strong> per garantire durata e fornire una protezione aggiuntiva agli elementi integrali.<\/span><\/p>\n<p><span style=\"font-family: arial, helvetica, sans-serif;color: #000000\">Il <strong>bullbar frontale<\/strong> \u00e8 <strong>omologata dall&#8217;UE<\/strong> ed \u00e8 stata prodotta in conformit\u00e0 con le pi\u00f9 recenti norme UE e i requisiti della <strong>Direttiva 78\/2009\/CE<\/strong>.<\/span><\/p>\n<p><span style=\"font-family: arial, helvetica, sans-serif;color: #000000\"><strong>Numero oggetto:<\/strong><\/span><br \/>\n<span style=\"font-family: arial, helvetica, sans-serif;color: #000000\">180BULLTOYOTA (DGUNV2-R2170-06)<\/span><\/p>\n<p><span style=\"font-family: arial, helvetica, sans-serif;color: #000000\"><strong>Adatto per:<\/strong><\/span><br \/>\n<span style=\"font-family: arial, helvetica, sans-serif;color: #000000\">Toyota Hilux 2021+<\/span><\/p>\n<p><span style=\"font-family: arial, helvetica, sans-serif;color: #000000\"><strong>Compatibile con:<\/strong> Invincible, Rogue, Rugged<\/span><br \/>\n<span style=\"font-family: arial, helvetica, sans-serif;color: #000000\"><strong>Compatibile con i sensori di parcheggio:<\/strong> Si<\/span><br \/>\n<span style=\"font-family: arial, helvetica, sans-serif;color: #000000\"><strong>Compatibile con il sistema Toyota Safety Sense:<\/strong> Ja<\/span><\/p>\n<p><span style=\"font-family: arial, helvetica, sans-serif;color: #000000\"><strong>La vendita comprende:<\/strong><\/span><br \/>\n<span style=\"font-family: arial, helvetica, sans-serif;color: #000000\">1 Paraurti con tubolari rigidi BULLBAR in acciaio AISI 304 lucidato a mano<\/span><br \/>\n<span style=\"font-family: arial, helvetica, sans-serif;color: #000000\">1 KIT di montaggio<\/span><br \/>\n<span style=\"font-family: arial, helvetica, sans-serif;color: #000000\">1 Istruzione di montaggio<\/span><\/p>\n<p><strong><span style=\"font-family: arial, helvetica, sans-serif;color: #000000\">Informazioni sul produttore<\/span><\/strong><br \/>\n<strong><span style=\"font-family: arial, helvetica, sans-serif;color: #000000\">Produttore: <\/span><\/strong><span style=\"color: #000000\">Steeler Marcin Piascecki<\/span><br \/><strong><span style=\"font-family: arial, helvetica, sans-serif;color: #000000\">Indirizzo: <\/span><\/strong><span style=\"font-family: arial, helvetica, sans-serif;color: #000000\">ulica Grodzie\u0144ska 202, 16-100 Sok\u00f3\u0142ka, 20, Polonia<\/span><br \/><strong><span style=\"font-family: arial, helvetica, sans-serif;color: #000000\">Contatto: <\/span><\/strong><span style=\"color: #000000\">info@steeler.pl<\/span><\/p>\n","protected":false},"excerpt":{"rendered":"<p>          <strong>Paraurti con tubolari rigidi BULLBAR BULL BAR acciaio AISI 304 lucido per Toyota Hilux 2021+, lucidato a mano, qualit\u00e0 top<\/strong><\/p>\n","protected":false},"featured_media":6649,"comment_status":"open","ping_status":"closed","template":"","meta":{"site-sidebar-layout":"default","site-content-layout":"default","ast-global-header-display":"","ast-main-header-display":"","ast-hfb-above-header-display":"","ast-hfb-below-header-display":"","ast-hfb-mobile-header-display":"","site-post-title":"","ast-breadcrumbs-content":"","ast-featured-img":"","footer-sml-layout":"","theme-transparent-header-meta":"default","adv-header-id-meta":"","stick-header-meta":"","header-above-stick-meta":"","header-main-stick-meta":"","header-below-stick-meta":""},"product_brand":[],"product_cat":[350],"product_tag":[373,372,374],"fahrzeug":[167,168,169,175,176,177,174],"class_list":{"0":"post-6912","1":"product","2":"type-product","3":"status-publish","4":"has-post-thumbnail","6":"product_cat-bullbar-it","7":"product_tag-bullbar-it","8":"product_tag-paraurti-con-tubolari-rigidi","9":"product_tag-toyota-hilux-2021-it","10":"product_shipping_class-spedizione-accessori","11":"fahrzeug-toyota","12":"fahrzeug-revo","13":"fahrzeug-revo-mit-oem-rollbar","14":"fahrzeug-double-cab-revo","15":"fahrzeug-space-cab-revo","16":"fahrzeug-space-cab-revo-mit-oem-rollbar","17":"fahrzeug-double-cab-revo-mit-oem-rollbar","18":"tm-no-options","20":"first","21":"instock","22":"taxable","23":"shipping-taxable","24":"purchasable","25":"product-type-simple"},"_links":{"self":[{"href":"https:\/\/staging.tesser4x4.com\/it\/wp-json\/wp\/v2\/product\/6912","targetHints":{"allow":["GET"]}}],"collection":[{"href":"https:\/\/staging.tesser4x4.com\/it\/wp-json\/wp\/v2\/product"}],"about":[{"href":"https:\/\/staging.tesser4x4.com\/it\/wp-json\/wp\/v2\/types\/product"}],"replies":[{"embeddable":true,"href":"https:\/\/staging.tesser4x4.com\/it\/wp-json\/wp\/v2\/comments?post=6912"}],"version-history":[{"count":2,"href":"https:\/\/staging.tesser4x4.com\/it\/wp-json\/wp\/v2\/product\/6912\/revisions"}],"predecessor-version":[{"id":21182,"href":"https:\/\/staging.tesser4x4.com\/it\/wp-json\/wp\/v2\/product\/6912\/revisions\/21182"}],"wp:featuredmedia":[{"embeddable":true,"href":"https:\/\/staging.tesser4x4.com\/it\/wp-json\/wp\/v2\/media\/6649"}],"wp:attachment":[{"href":"https:\/\/staging.tesser4x4.com\/it\/wp-json\/wp\/v2\/media?parent=6912"}],"wp:term":[{"taxonomy":"product_brand","embeddable":true,"href":"https:\/\/staging.tesser4x4.com\/it\/wp-json\/wp\/v2\/product_brand?post=6912"},{"taxonomy":"product_cat","embeddable":true,"href":"https:\/\/staging.tesser4x4.com\/it\/wp-json\/wp\/v2\/product_cat?post=6912"},{"taxonomy":"product_tag","embeddable":true,"href":"https:\/\/staging.tesser4x4.com\/it\/wp-json\/wp\/v2\/product_tag?post=6912"},{"taxonomy":"fahrzeug","embeddable":true,"href":"https:\/\/staging.tesser4x4.com\/it\/wp-json\/wp\/v2\/fahrzeug?post=6912"}],"curies":[{"name":"wp","href":"https:\/\/api.w.org\/{rel}","templated":true}]}}