{"id":22001,"date":"2025-02-26T10:36:15","date_gmt":"2025-02-26T10:36:16","guid":{"rendered":"https:\/\/tesser4x4.com\/?post_type=product&#038;p=22001"},"modified":"2026-03-13T14:35:29","modified_gmt":"2026-03-13T14:35:29","slug":"tessera-bar-2in1-barre-trasversali-parapetti-bar002us-black-matt-per-pickup-usa","status":"publish","type":"product","link":"https:\/\/staging.tesser4x4.com\/it\/produkt\/tessera-bar-2in1-barre-trasversali-parapetti-bar002us-black-matt-per-pickup-usa","title":{"rendered":"Tessera Bar+ 2in1 barre traversali parapetti BAR002US nero opaco per pick-up USA 62020BAR002USB"},"content":{"rendered":"<p>          <span style=\"font-family: arial, helvetica, sans-serif;color: #ff0000\"><br \/>\n            <strong>Tieni presente che la Tessera BAR+ \u00e8 compatibile solo in combinazione con il copricassone Tessera SE o Tessera Roll+ (l&#8217;installazione avviene nella fessura a T).<br \/>\nCarico totale: 75 kg durante la guida e 150 kg da fermi.<\/strong><br \/>\n          <\/span><\/p>\n<p>          <span style=\"color: #000000\"><br \/>\n            <strong><br \/>\n              <span style=\"font-family: arial, helvetica, sans-serif\">Caratteristiche principali di Tessera Bar+: Versatilit\u00e0 senza pari per il tuo pickup<\/span><br \/>\n            <\/strong><br \/>\n          <\/span><\/p>\n<p>          <span style=\"color: #000000\"><br \/>\n            <strong><br \/>\n              <span style=\"font-family: arial, helvetica, sans-serif\">1. Design telescopico a doppia funzione<\/span><br \/>\n            <\/strong><br \/>\n          <\/span><\/p>\n<ul>\n<li><span style=\"font-family: arial, helvetica, sans-serif;color: #000000\">Trasformazione istantanea: Tessera Bar+ \u00e8 il primo sistema di barre trasversali al mondo per pickup che si trasforma in corrimano laterali (parapetti) in meno di un minuto, senza bisogno di attrezzi.<\/span><\/li>\n<li><span style=\"font-family: arial, helvetica, sans-serif;color: #000000\">Doppia utilit\u00e0: Ottieni i vantaggi sia delle barre trasversali che dei corrimano laterali (parapetti) in un unico prodotto innovativo, risparmiando spazio e massimizzando la versatilit\u00e0<\/span><\/li>\n<\/ul>\n<p>          <span style=\"color: #000000\"><br \/>\n            <strong><br \/>\n              <span style=\"font-family: arial, helvetica, sans-serif\">2. Facile integrazione con gli accessori<\/span><br \/>\n            <\/strong><br \/>\n          <\/span><\/p>\n<ul>\n<li><span style=\"font-family: arial, helvetica, sans-serif;color: #000000\">Slot a T integrati: Aggancia facilmente i tuoi accessori preferiti, come portasci, portabici e tende da tetto, grazie agli slot a T integrati.<\/span><\/li>\n<li><span style=\"font-family: arial, helvetica, sans-serif;color: #000000\">Pronto per la personalizzazione: Adatta facilmente Tessera Bar+ alle tue esigenze specifiche, sia per avventure all\u2019aperto che per trasporti quotidiani.<\/span><\/li>\n<\/ul>\n<p>          <span style=\"color: #000000\"><br \/>\n            <strong><br \/>\n              <span style=\"font-family: arial, helvetica, sans-serif\">3. Punti di ancoraggio laterali rinforzati<\/span><br \/>\n            <\/strong><br \/>\n          <\/span><\/p>\n<ul>\n<li><span style=\"font-family: arial, helvetica, sans-serif;color: #000000\">Punti di fissaggio extra: Due rifinitori in plastica rinforzata su ciascun lato forniscono punti di ancoraggio aggiuntivi per carichi leggeri, offrendo funzionalit\u00e0 e comodit\u00e0 extra.<\/span><\/li>\n<li><span style=\"font-family: arial, helvetica, sans-serif;color: #000000\">Sicurezza migliorata: Ideale per carichi leggeri e veloci, ti garantisce tranquillit\u00e0 quando trasporti oggetti sfusi o di piccole dimensioni.<\/span><\/li>\n<\/ul>\n<p>          <span style=\"color: #000000\"><br \/>\n            <strong><br \/>\n              <span style=\"font-family: arial, helvetica, sans-serif\">4. Modulare e salvaspazio<\/span><br \/>\n            <\/strong><br \/>\n          <\/span><\/p>\n<ul>\n<li><span style=\"font-family: arial, helvetica, sans-serif;color: #000000\">Mantieni l\u2019ordine: Non \u00e8 necessario riporre accessori ingombranti quando cambi modalit\u00e0; Tessera Bar+ si trasforma senza problemi restando montata sul tuo veicolo.<\/span><\/li>\n<li><span style=\"font-family: arial, helvetica, sans-serif;color: #000000\">Adattamento perfetto: Progettata per funzionare con qualsiasi pickup, rappresenta una soluzione universale per tutti i proprietari di pickup.<\/span><\/li>\n<\/ul>\n<p>          <span style=\"color: #000000\"><br \/>\n            <strong><br \/>\n              <span style=\"font-family: arial, helvetica, sans-serif\">5. Molteplici opzioni di installazione<\/span><br \/>\n            <\/strong><br \/>\n          <\/span><\/p>\n<ul>\n<li><span style=\"font-family: arial, helvetica, sans-serif;color: #000000\">Montaggio senza attrezzi: Si installa facilmente negli slot a T per utilizzo leggero, supportando fino a 75 kg senza bisogno di forare.<\/span><\/li>\n<li><span style=\"font-family: arial, helvetica, sans-serif;color: #000000\">Compatibilit\u00e0 per carichi pesanti: Per applicazioni pi\u00f9 impegnative, Tessera Bar+ pu\u00f2 essere installata con foratura per un fissaggio robusto e sicuro, ideale con o senza copertura del cassone<\/span><\/li>\n<\/ul>\n<p>          <span style=\"color: #000000\"><br \/>\n            <strong><br \/>\n              <span style=\"font-family: arial, helvetica, sans-serif\">6. Qualit\u00e0 premium e innovazione in attesa di brevetto<\/span><br \/>\n            <\/strong><br \/>\n          <\/span><\/p>\n<ul>\n<li><span style=\"font-family: arial, helvetica, sans-serif;color: #000000\">Tecnologia esclusiva: Il design in attesa di brevetto garantisce un prodotto all\u2019avanguardia che stabilisce nuovi standard nel mercato degli accessori 4&#215;4.<\/span><\/li>\n<li><span style=\"font-family: arial, helvetica, sans-serif;color: #000000\">Durevole e affidabile: Realizzato con materiali di alta qualit\u00e0 per resistere a condizioni difficili, offre durata e resistenza su cui puoi contare.<\/span><\/li>\n<\/ul>\n<p>          <strong><br \/>\n            <span style=\"font-family: arial, helvetica, sans-serif;color: #000000\">Perch\u00e9 Scegliere Tessera Bar+?<\/span><br \/>\n          <\/strong><\/p>\n<p>          <span style=\"font-family: arial, helvetica, sans-serif;color: #000000\">Con la sua combinazione unica di doppia funzionalit\u00e0, installazione senza sforzo, compatibilit\u00e0 con accessori e praticit\u00e0 modulare, Tessera Bar+ \u00e8 l\u2019upgrade definitivo per qualsiasi pickup. Trasforma il tuo cassone e sblocca nuove possibilit\u00e0 con l\u2019innovativo e versatile Tessera Bar+. <\/span><\/p>\n<p>          <span style=\"font-family: arial, helvetica, sans-serif;color: #000000\"><br \/>\n            <strong>La vendita comprende:<\/strong><br \/>\n          <\/span><\/p>\n<p>          <span style=\"font-family: arial, helvetica, sans-serif;color: #000000\">1 (una coppia) Tessera Bar+ (BAR002US) black matt (nero opaco) per l&#8217;auto selezionata<\/span><\/p>\n<p>          <span style=\"font-family: arial, helvetica, sans-serif;color: #000000\">1 Istruzione di montaggio<\/span><\/p>\n","protected":false},"excerpt":{"rendered":"<p>          <span style=\"font-family: arial, helvetica, sans-serif;color: #000000\"><br \/>\n            <strong>La Tessera BAR+ 2in1 \u00e8 compatibile con la Tessera SE e la Tessera Roll+. Ulteriori informazioni sulla Tessera BAR+ possono essere trovate <a href=\"https:\/\/staging.tesser4x4.com\/it\/tessera-bar-plus\" target=\"_blank\" rel=\"noopener\">qui<\/a>. <\/strong><br \/>\n          <\/span><\/p>\n","protected":false},"featured_media":21948,"comment_status":"open","ping_status":"closed","template":"","meta":{"site-sidebar-layout":"default","site-content-layout":"default","ast-global-header-display":"","ast-main-header-display":"","ast-hfb-above-header-display":"","ast-hfb-below-header-display":"","ast-hfb-mobile-header-display":"","site-post-title":"","ast-breadcrumbs-content":"","ast-featured-img":"","footer-sml-layout":"","theme-transparent-header-meta":"default","adv-header-id-meta":"","stick-header-meta":"","header-above-stick-meta":"","header-main-stick-meta":"","header-below-stick-meta":""},"product_brand":[],"product_cat":[352,353],"product_tag":[393,394,672],"fahrzeug":[567,562,75,588,658,563,621,659,568,589,609,611,326,608,167,607],"class_list":{"0":"post-22001","1":"product","2":"type-product","3":"status-publish","4":"has-post-thumbnail","6":"product_cat-binari-per-il-tetto","7":"product_cat-reling-parapetti","8":"product_tag-binari-per-il-tetto","9":"product_tag-sistema-di-binari","10":"product_tag-tessera-bar-it","11":"fahrzeug-chevrolet","12":"fahrzeug-dodge","13":"fahrzeug-ford","14":"fahrzeug-gmc","15":"fahrzeug-land-rover","16":"fahrzeug-ram-1500","17":"fahrzeug-ram-2500-3500","18":"fahrzeug-defender-130-2024","19":"fahrzeug-silverado-1500","20":"fahrzeug-sierra-1500","21":"fahrzeug-silverado-2500-3500-hd","22":"fahrzeug-sierra-2500-3500-hd","23":"fahrzeug-f-150","24":"fahrzeug-f-250-f-350","25":"fahrzeug-toyota","26":"fahrzeug-tundra","27":"tm-has-options","29":"first","30":"instock","31":"taxable","32":"shipping-taxable","33":"purchasable","34":"product-type-simple"},"_links":{"self":[{"href":"https:\/\/staging.tesser4x4.com\/it\/wp-json\/wp\/v2\/product\/22001","targetHints":{"allow":["GET"]}}],"collection":[{"href":"https:\/\/staging.tesser4x4.com\/it\/wp-json\/wp\/v2\/product"}],"about":[{"href":"https:\/\/staging.tesser4x4.com\/it\/wp-json\/wp\/v2\/types\/product"}],"replies":[{"embeddable":true,"href":"https:\/\/staging.tesser4x4.com\/it\/wp-json\/wp\/v2\/comments?post=22001"}],"version-history":[{"count":3,"href":"https:\/\/staging.tesser4x4.com\/it\/wp-json\/wp\/v2\/product\/22001\/revisions"}],"predecessor-version":[{"id":22059,"href":"https:\/\/staging.tesser4x4.com\/it\/wp-json\/wp\/v2\/product\/22001\/revisions\/22059"}],"wp:featuredmedia":[{"embeddable":true,"href":"https:\/\/staging.tesser4x4.com\/it\/wp-json\/wp\/v2\/media\/21948"}],"wp:attachment":[{"href":"https:\/\/staging.tesser4x4.com\/it\/wp-json\/wp\/v2\/media?parent=22001"}],"wp:term":[{"taxonomy":"product_brand","embeddable":true,"href":"https:\/\/staging.tesser4x4.com\/it\/wp-json\/wp\/v2\/product_brand?post=22001"},{"taxonomy":"product_cat","embeddable":true,"href":"https:\/\/staging.tesser4x4.com\/it\/wp-json\/wp\/v2\/product_cat?post=22001"},{"taxonomy":"product_tag","embeddable":true,"href":"https:\/\/staging.tesser4x4.com\/it\/wp-json\/wp\/v2\/product_tag?post=22001"},{"taxonomy":"fahrzeug","embeddable":true,"href":"https:\/\/staging.tesser4x4.com\/it\/wp-json\/wp\/v2\/fahrzeug?post=22001"}],"curies":[{"name":"wp","href":"https:\/\/api.w.org\/{rel}","templated":true}]}}